{"id":1494,"date":"2021-11-01T22:01:15","date_gmt":"2021-11-02T01:01:15","guid":{"rendered":"http:\/\/goiana.pe.leg.br\/?page_id=1494"},"modified":"2021-11-01T22:01:15","modified_gmt":"2021-11-02T01:01:15","slug":"cmg-comissaodelicitacao","status":"publish","type":"page","link":"https:\/\/goiana.pe.leg.br\/portal\/?page_id=1494","title":{"rendered":"Comiss\u00e3o Permanente de Licita\u00e7\u00e3o"},"content":{"rendered":"\n<div class=\"wp-block-image\"><figure class=\"aligncenter size-full is-resized\"><img loading=\"lazy\" decoding=\"async\" src=\"http:\/\/goiana.pe.leg.br\/wp-content\/uploads\/2021\/11\/cmgoiana.png\" alt=\"\" class=\"wp-image-1495\" width=\"413\" height=\"168\"\/><\/figure><\/div>\n\n\n\n<p class=\"has-text-align-center\"><strong>Nesta se\u00e7\u00e3o, voc\u00ea tem acesso as informa\u00e7\u00f5es dos Procedimentos Licitat\u00f3rios realizados pela C\u00e2mara Municipal de Goiana &#8211; PE<\/strong><\/p>\n\n\n\n<div class=\"wp-block-buttons is-content-justification-center is-layout-flex wp-block-buttons-is-layout-flex\">\n<div class=\"wp-block-button\"><a class=\"wp-block-button__link\" href=\"http:\/\/goiana.pe.leg.br\/licitacoes-em-andamento\" target=\"_blank\" rel=\"noreferrer noopener\">Licita\u00e7\u00f5es em Andamento<\/a><\/div>\n\n\n\n<div class=\"wp-block-button\"><a class=\"wp-block-button__link\" href=\"http:\/\/goiana.pe.leg.br\/licitacoes-em-andamento\" target=\"_blank\" rel=\"noreferrer noopener\">Licita\u00e7\u00f5es Realizadas<\/a><\/div>\n\n\n\n<div class=\"wp-block-button\"><a class=\"wp-block-button__link\" href=\"http:\/\/goiana.pe.leg.br\/category\/cmgavisosdelicitacao\/\" target=\"_blank\" rel=\"noreferrer noopener\">Avisos de Licita\u00e7\u00e3o<\/a><\/div>\n\n\n\n<div class=\"wp-block-button\"><a class=\"wp-block-button__link\" href=\"http:\/\/goiana.pe.leg.br\/category\/cmgcontratos\/\" target=\"_blank\" rel=\"noreferrer noopener\">Contratos<\/a><\/div>\n\n\n\n<div class=\"wp-block-button\"><a class=\"wp-block-button__link\" href=\"http:\/\/goiana.pe.leg.br\/category\/cmgeditaisdelicitacao\/\" target=\"_blank\" rel=\"noreferrer noopener\">Editais de Licita\u00e7\u00e3o<\/a><\/div>\n\n\n\n<div class=\"wp-block-button\"><a class=\"wp-block-button__link\" href=\"http:\/\/goiana.pe.leg.br\/category\/cmgresultados\/\" target=\"_blank\" rel=\"noreferrer noopener\">Resultados dos Procedimentos Licitat\u00f3rios<\/a><\/div>\n<\/div>\n","protected":false},"excerpt":{"rendered":"<p>Nesta se\u00e7\u00e3o, voc\u00ea tem acesso as informa\u00e7\u00f5es dos Procedimentos Licitat\u00f3rios realizados pela C\u00e2mara Municipal de Goiana &#8211; PE<\/p>\n","protected":false},"author":1,"featured_media":0,"parent":0,"menu_order":0,"comment_status":"closed","ping_status":"closed","template":"","meta":{"_monsterinsights_skip_tracking":false,"_monsterinsights_sitenote_active":false,"_monsterinsights_sitenote_note":"","_monsterinsights_sitenote_category":0,"footnotes":""},"class_list":["post-1494","page","type-page","status-publish","hentry","entry"],"_links":{"self":[{"href":"https:\/\/goiana.pe.leg.br\/portal\/index.php?rest_route=\/wp\/v2\/pages\/1494","targetHints":{"allow":["GET"]}}],"collection":[{"href":"https:\/\/goiana.pe.leg.br\/portal\/index.php?rest_route=\/wp\/v2\/pages"}],"about":[{"href":"https:\/\/goiana.pe.leg.br\/portal\/index.php?rest_route=\/wp\/v2\/types\/page"}],"author":[{"embeddable":true,"href":"https:\/\/goiana.pe.leg.br\/portal\/index.php?rest_route=\/wp\/v2\/users\/1"}],"replies":[{"embeddable":true,"href":"https:\/\/goiana.pe.leg.br\/portal\/index.php?rest_route=%2Fwp%2Fv2%2Fcomments&post=1494"}],"version-history":[{"count":0,"href":"https:\/\/goiana.pe.leg.br\/portal\/index.php?rest_route=\/wp\/v2\/pages\/1494\/revisions"}],"wp:attachment":[{"href":"https:\/\/goiana.pe.leg.br\/portal\/index.php?rest_route=%2Fwp%2Fv2%2Fmedia&parent=1494"}],"curies":[{"name":"wp","href":"https:\/\/api.w.org\/{rel}","templated":true}]}}