{"id":1675,"date":"2021-02-11T20:45:03","date_gmt":"2021-02-11T23:45:03","guid":{"rendered":"http:\/\/goiana.pe.leg.br\/?page_id=537"},"modified":"2021-02-11T20:45:03","modified_gmt":"2021-02-11T23:45:03","slug":"comissao-permanente-de-urbanismo-e-infra-estrutura-municipal","status":"publish","type":"page","link":"https:\/\/goiana.pe.leg.br\/portal\/?page_id=1675","title":{"rendered":"Comiss\u00e3o Permanente de Urbanismo e Infra-Estrutura Municipal."},"content":{"rendered":"\n<p><strong>Presidente:<\/strong> Carlos Alberto dos Santos Viegas Junior<br><strong>Secret\u00e1rio:<\/strong> Pedro Henrique Barros Lemos<br><strong>Membro: <\/strong>Ana Cristina de Melo Freire Gouveia Silveira<br><strong>Suplente: <\/strong>Jos\u00e9 M\u00e1rio Gomes Marinho<\/p>\n\n\n\n<p><em>Compete \u00e0 Comiss\u00e3o de Urbanismo e Infraestrutura Municipal emitir parecer sobre todos os assuntos relacionados ao urbanismo e desenvolvimento urbano, uso e ocupa\u00e7\u00e3o do solo, habita\u00e7\u00e3o, infraestrutura e saneamento b\u00e1sico, transportes coletivos, servi\u00e7os p\u00fablicos, obras p\u00fablicas e particulares, energia el\u00e9trica, recursos h\u00eddricos, entre outras atribui\u00e7\u00f5es.<\/em><\/p>\n","protected":false},"excerpt":{"rendered":"<p>Presidente: Carlos Alberto dos Santos Viegas JuniorSecret\u00e1rio: Pedro Henrique Barros LemosMembro: Ana Cristina de Melo Freire Gouveia SilveiraSuplente: Jos\u00e9 M\u00e1rio Gomes Marinho Compete \u00e0 Comiss\u00e3o de Urbanismo e Infraestrutura Municipal emitir parecer sobre todos os assuntos relacionados ao urbanismo e desenvolvimento urbano, uso e ocupa\u00e7\u00e3o do solo, habita\u00e7\u00e3o, infraestrutura e saneamento b\u00e1sico, transportes coletivos, servi\u00e7os&hellip; <a class=\"more-link\" href=\"https:\/\/goiana.pe.leg.br\/portal\/?page_id=1675\">Continue lendo <span class=\"screen-reader-text\">Comiss\u00e3o Permanente de Urbanismo e Infra-Estrutura Municipal.<\/span><\/a><\/p>\n","protected":false},"author":1,"featured_media":0,"parent":0,"menu_order":0,"comment_status":"closed","ping_status":"closed","template":"","meta":{"_monsterinsights_skip_tracking":false,"_monsterinsights_sitenote_active":false,"_monsterinsights_sitenote_note":"","_monsterinsights_sitenote_category":0,"footnotes":""},"class_list":["post-1675","page","type-page","status-publish","hentry","entry"],"_links":{"self":[{"href":"https:\/\/goiana.pe.leg.br\/portal\/index.php?rest_route=\/wp\/v2\/pages\/1675","targetHints":{"allow":["GET"]}}],"collection":[{"href":"https:\/\/goiana.pe.leg.br\/portal\/index.php?rest_route=\/wp\/v2\/pages"}],"about":[{"href":"https:\/\/goiana.pe.leg.br\/portal\/index.php?rest_route=\/wp\/v2\/types\/page"}],"author":[{"embeddable":true,"href":"https:\/\/goiana.pe.leg.br\/portal\/index.php?rest_route=\/wp\/v2\/users\/1"}],"replies":[{"embeddable":true,"href":"https:\/\/goiana.pe.leg.br\/portal\/index.php?rest_route=%2Fwp%2Fv2%2Fcomments&post=1675"}],"version-history":[{"count":0,"href":"https:\/\/goiana.pe.leg.br\/portal\/index.php?rest_route=\/wp\/v2\/pages\/1675\/revisions"}],"wp:attachment":[{"href":"https:\/\/goiana.pe.leg.br\/portal\/index.php?rest_route=%2Fwp%2Fv2%2Fmedia&parent=1675"}],"curies":[{"name":"wp","href":"https:\/\/api.w.org\/{rel}","templated":true}]}}