{"id":2137,"date":"2022-03-03T11:19:38","date_gmt":"2022-03-03T11:19:38","guid":{"rendered":"https:\/\/goiana.pe.leg.br\/?page_id=2137"},"modified":"2022-03-03T11:19:38","modified_gmt":"2022-03-03T11:19:38","slug":"endereco-telefone-e-horario-de-funcionamento","status":"publish","type":"page","link":"https:\/\/goiana.pe.leg.br\/portal\/?page_id=2137","title":{"rendered":"Endere\u00e7o, telefone e hor\u00e1rio de funcionamento"},"content":{"rendered":"\n<div class=\"wp-block-image\"><figure class=\"aligncenter size-full is-resized\"><img loading=\"lazy\" decoding=\"async\" src=\"https:\/\/goiana.pe.leg.br\/wp-content\/uploads\/2022\/01\/LogoCMG1.jpeg\" alt=\"\" class=\"wp-image-2077\" width=\"283\" height=\"158\" srcset=\"https:\/\/goiana.pe.leg.br\/portal\/wp-content\/uploads\/2022\/01\/LogoCMG1.jpeg 1024w, https:\/\/goiana.pe.leg.br\/portal\/wp-content\/uploads\/2022\/01\/LogoCMG1-300x169.jpeg 300w, https:\/\/goiana.pe.leg.br\/portal\/wp-content\/uploads\/2022\/01\/LogoCMG1-768x432.jpeg 768w, https:\/\/goiana.pe.leg.br\/portal\/wp-content\/uploads\/2022\/01\/LogoCMG1-24x14.jpeg 24w, https:\/\/goiana.pe.leg.br\/portal\/wp-content\/uploads\/2022\/01\/LogoCMG1-36x20.jpeg 36w, https:\/\/goiana.pe.leg.br\/portal\/wp-content\/uploads\/2022\/01\/LogoCMG1-48x27.jpeg 48w\" sizes=\"auto, (max-width: 283px) 100vw, 283px\" \/><\/figure><\/div>\n\n\n\n<p><strong>Recep\u00e7\u00e3o<\/strong><\/p>\n\n\n\n<p>Avenida Mal Deodoro da Fonseca, n\u00ba 115, T\u00e9rreo, Centro, CEP 55.900-000<br>Hor\u00e1rio de atendimento: de Segunda \u00e0 Sexta, a partir das 07:00hs \u00e0s 13:00hs (exceto nos feriados)<br>(81) 3626-0141<\/p>\n\n\n\n<p><strong>Gabinete do Presidente da C\u00e2mara Municipal de Goiana<\/strong><\/p>\n\n\n\n<p>Avenida Mal Deodoro da Fonseca, n\u00ba 115, 1\u00ba Andar, Centro, CEP 55.900-000<br>Hor\u00e1rio de atendimento: de Segunda \u00e0 Sexta, a partir das 07:00hs \u00e0s 13:00hs (exceto nos feriados)<br>(81) 3626-0141<\/p>\n\n\n\n<p><strong>Controle Interno<\/strong><\/p>\n\n\n\n<p>Avenida Mal Deodoro da Fonseca, n\u00ba 115, 1\u00ba Andar, Centro, CEP 55.900-000<br>Hor\u00e1rio de atendimento: de Segunda \u00e0 Sexta, a partir das 07:00hs \u00e0s 13:00hs (exceto nos feriados)<br>(81) 3626-0141<\/p>\n\n\n\n<p><strong>Ouvidoria<\/strong><\/p>\n\n\n\n<p>Avenida Mal Deodoro da Fonseca, n\u00ba 115, T\u00e9rreo, Centro, CEP 55.900-000<br>Hor\u00e1rio de atendimento: de Segunda \u00e0 Sexta, a partir das 07:00hs \u00e0s 13:00hs (exceto nos feriados)<br>(81) 3626-0141<\/p>\n\n\n\n<p><strong>Servi\u00e7o de Informa\u00e7\u00e3o ao Cidad\u00e3o<\/strong><\/p>\n\n\n\n<p>Avenida Mal Deodoro da Fonseca, n\u00ba 115, T\u00e9rreo, Centro, CEP 55.900-000<br>Hor\u00e1rio de atendimento: de Segunda \u00e0 Sexta, a partir das 07:00hs \u00e0s 13:00hs (exceto nos feriados)<br>(81) 3626-0141<\/p>\n\n\n\n<p><strong>Diretoria Administrativa, Contabilidade e Finan\u00e7as, Recursos Humanos e Legislativa<\/strong><\/p>\n\n\n\n<p>Avenida Mal Deodoro da Fonseca, n\u00ba 115, 1\u00ba Andar, Centro, CEP 55.900-000<br>Hor\u00e1rio de atendimento: de Segunda \u00e0 Sexta, a partir das 07:00hs \u00e0s 13:00hs (exceto nos feriados)<br>(81) 3626-0141<\/p>\n\n\n\n<p><strong>Protocolo<\/strong><\/p>\n\n\n\n<p>Avenida Mal Deodoro da Fonseca, n\u00ba 115, T\u00e9rreo, Centro, CEP 55.900-000<br>Hor\u00e1rio de atendimento: de Segunda \u00e0 Sexta, a partir das 07:00hs \u00e0s 13:00hs (exceto nos feriados)<br>(81) 3626-0141<\/p>\n","protected":false},"excerpt":{"rendered":"<p>Recep\u00e7\u00e3o Avenida Mal Deodoro da Fonseca, n\u00ba 115, T\u00e9rreo, Centro, CEP 55.900-000Hor\u00e1rio de atendimento: de Segunda \u00e0 Sexta, a partir das 07:00hs \u00e0s 13:00hs (exceto nos feriados)(81) 3626-0141 Gabinete do Presidente da C\u00e2mara Municipal de Goiana Avenida Mal Deodoro da Fonseca, n\u00ba 115, 1\u00ba Andar, Centro, CEP 55.900-000Hor\u00e1rio de atendimento: de Segunda \u00e0 Sexta, a&hellip; <a class=\"more-link\" href=\"https:\/\/goiana.pe.leg.br\/portal\/?page_id=2137\">Continue lendo <span class=\"screen-reader-text\">Endere\u00e7o, telefone e hor\u00e1rio de funcionamento<\/span><\/a><\/p>\n","protected":false},"author":1,"featured_media":0,"parent":0,"menu_order":0,"comment_status":"closed","ping_status":"closed","template":"","meta":{"_monsterinsights_skip_tracking":false,"_monsterinsights_sitenote_active":false,"_monsterinsights_sitenote_note":"","_monsterinsights_sitenote_category":0,"footnotes":""},"class_list":["post-2137","page","type-page","status-publish","hentry","entry"],"_links":{"self":[{"href":"https:\/\/goiana.pe.leg.br\/portal\/index.php?rest_route=\/wp\/v2\/pages\/2137","targetHints":{"allow":["GET"]}}],"collection":[{"href":"https:\/\/goiana.pe.leg.br\/portal\/index.php?rest_route=\/wp\/v2\/pages"}],"about":[{"href":"https:\/\/goiana.pe.leg.br\/portal\/index.php?rest_route=\/wp\/v2\/types\/page"}],"author":[{"embeddable":true,"href":"https:\/\/goiana.pe.leg.br\/portal\/index.php?rest_route=\/wp\/v2\/users\/1"}],"replies":[{"embeddable":true,"href":"https:\/\/goiana.pe.leg.br\/portal\/index.php?rest_route=%2Fwp%2Fv2%2Fcomments&post=2137"}],"version-history":[{"count":0,"href":"https:\/\/goiana.pe.leg.br\/portal\/index.php?rest_route=\/wp\/v2\/pages\/2137\/revisions"}],"wp:attachment":[{"href":"https:\/\/goiana.pe.leg.br\/portal\/index.php?rest_route=%2Fwp%2Fv2%2Fmedia&parent=2137"}],"curies":[{"name":"wp","href":"https:\/\/api.w.org\/{rel}","templated":true}]}}