{"id":3107,"date":"2023-09-05T01:16:21","date_gmt":"2023-09-05T01:16:21","guid":{"rendered":"https:\/\/goiana.pe.leg.br\/?page_id=3107"},"modified":"2023-09-05T01:16:21","modified_gmt":"2023-09-05T01:16:21","slug":"api-de-dados","status":"publish","type":"page","link":"https:\/\/goiana.pe.leg.br\/portal\/?page_id=3107","title":{"rendered":"Api de Dados"},"content":{"rendered":"<p>A API REST do Site Institucional &#8220;WordPress&#8221; foi projetada para ter URLs previs\u00edveis e orientadas a recursos e para usar c\u00f3digos de resposta HTTP para indicar erros de API. A API usa recursos HTTP integrados, como autentica\u00e7\u00e3o HTTP e verbos HTTP, que podem ser entendidos por clientes HTTP prontos para uso, e suporta o compartilhamento de recursos de origem cruzada para permitir que voc\u00ea interaja de forma segura com a API de um lado do cliente aplica\u00e7\u00e3o web.<\/p>\n<p>A API REST usa JSON exclusivamente como formato de solicita\u00e7\u00e3o e resposta, incluindo respostas de erro. Embora a API REST n\u00e3o esteja totalmente de acordo com o padr\u00e3o HAL , ela implementa HAL ._linkse ._embeddedpropriedades para vincular recursos da API e \u00e9 totalmente detect\u00e1vel por meio de hiperlinks nas respostas.<\/p>\n<p>A API REST fornece dados p\u00fablicos acess\u00edveis a qualquer cliente anonimamente, bem como dados privados dispon\u00edveis apenas ap\u00f3s a autentica\u00e7\u00e3o . Depois de autenticada, a API REST suporta a maioria das a\u00e7\u00f5es de gerenciamento de conte\u00fado, permitindo criar pain\u00e9is alternativos para um site, aprimorar seus plugins com ferramentas de gerenciamento mais responsivas ou criar aplicativos complexos de p\u00e1gina \u00fanica.<\/p>\n<p>Esta refer\u00eancia da API fornece informa\u00e7\u00f5es sobre os terminais espec\u00edficos dispon\u00edveis atrav\u00e9s da API, seus par\u00e2metros e seu formato de dados de resposta.<\/p>\n<table class=\"table\">\n<tbody>\n<tr>\n<th>Recurso<\/th>\n<th>Rota<\/th>\n<\/tr>\n<tr>\n<td><a href=\"https:\/\/developer.wordpress.org\/rest-api\/reference\/posts\/\">Postagens<\/a><\/td>\n<td><code>https:\/\/goiana.pe.leg.br\/wp-json\/wp\/v2\/posts<\/code><\/td>\n<\/tr>\n<tr>\n<td><a href=\"https:\/\/developer.wordpress.org\/rest-api\/reference\/post-revisions\/\">Revis\u00f5es de Postagens<\/a><\/td>\n<td><code>https:\/\/goiana.pe.leg.br\/wp-json\/wp\/v2\/posts\/&lt;id&gt;\/revisions<\/code><\/td>\n<\/tr>\n<tr>\n<td><a href=\"https:\/\/developer.wordpress.org\/rest-api\/reference\/categories\/\">Categorias<\/a><\/td>\n<td><code>https:\/\/goiana.pe.leg.br\/wp-json\/wp\/v2\/categories<\/code><\/td>\n<\/tr>\n<tr>\n<td><a href=\"https:\/\/developer.wordpress.org\/rest-api\/reference\/tags\/\">Tags<\/a><\/td>\n<td><code>https:\/\/goiana.pe.leg.br\/wp-json\/wp\/v2\/tags<\/code><\/td>\n<\/tr>\n<tr>\n<td><a href=\"https:\/\/developer.wordpress.org\/rest-api\/reference\/pages\/\">P\u00e1ginas<\/a><\/td>\n<td><code>https:\/\/goiana.pe.leg.br\/wp-json\/wp\/v2\/pages<\/code><\/td>\n<\/tr>\n<tr>\n<td><a href=\"https:\/\/developer.wordpress.org\/rest-api\/reference\/page-revisions\/\">Revis\u00f5es de P\u00e1ginas<\/a><\/td>\n<td><code>https:\/\/goiana.pe.leg.br\/wp-json\/wp\/v2\/pages\/&lt;id&gt;\/revisions<\/code><\/td>\n<\/tr>\n<tr>\n<td><a href=\"https:\/\/developer.wordpress.org\/rest-api\/reference\/taxonomies\/\">Taxonomias<\/a><\/td>\n<td><code>https:\/\/goiana.pe.leg.br\/wp-json\/wp\/v2\/taxonomies<\/code><\/td>\n<\/tr>\n<tr>\n<td><a href=\"https:\/\/developer.wordpress.org\/rest-api\/reference\/media\/\">M\u00eddia<\/a><\/td>\n<td><code>https:\/\/goiana.pe.leg.br\/wp-json\/wp\/v2\/media<\/code><\/td>\n<\/tr>\n<tr>\n<td><a href=\"https:\/\/developer.wordpress.org\/rest-api\/reference\/post-types\/\">Post Types<\/a><\/td>\n<td><code>https:\/\/goiana.pe.leg.br\/wp-json\/wp\/v2\/types<\/code><\/td>\n<\/tr>\n<tr>\n<td><a href=\"https:\/\/developer.wordpress.org\/rest-api\/reference\/search-results\/\">Search<\/a><\/td>\n<td><code>https:\/\/goiana.pe.leg.br\/wp-json\/wp\/v2\/search<\/code><\/td>\n<\/tr>\n<\/tbody>\n<\/table>\n<p class=\"m-t-20\">fonte: https:\/\/developer.wordpress.org\/rest-api\/reference\/<\/p>\n","protected":false},"excerpt":{"rendered":"<p>A API REST do Site Institucional &#8220;WordPress&#8221; foi projetada para ter URLs previs\u00edveis e orientadas a recursos e para usar c\u00f3digos de resposta HTTP para indicar erros de API. A API usa recursos HTTP integrados, como autentica\u00e7\u00e3o HTTP e verbos HTTP, que podem ser entendidos por clientes HTTP prontos para uso, e suporta o compartilhamento&hellip; <a class=\"more-link\" href=\"https:\/\/goiana.pe.leg.br\/portal\/?page_id=3107\">Continue lendo <span class=\"screen-reader-text\">Api de Dados<\/span><\/a><\/p>\n","protected":false},"author":1,"featured_media":0,"parent":0,"menu_order":0,"comment_status":"closed","ping_status":"closed","template":"","meta":{"_monsterinsights_skip_tracking":false,"_monsterinsights_sitenote_active":false,"_monsterinsights_sitenote_note":"","_monsterinsights_sitenote_category":0,"footnotes":""},"class_list":["post-3107","page","type-page","status-publish","hentry","entry"],"_links":{"self":[{"href":"https:\/\/goiana.pe.leg.br\/portal\/index.php?rest_route=\/wp\/v2\/pages\/3107","targetHints":{"allow":["GET"]}}],"collection":[{"href":"https:\/\/goiana.pe.leg.br\/portal\/index.php?rest_route=\/wp\/v2\/pages"}],"about":[{"href":"https:\/\/goiana.pe.leg.br\/portal\/index.php?rest_route=\/wp\/v2\/types\/page"}],"author":[{"embeddable":true,"href":"https:\/\/goiana.pe.leg.br\/portal\/index.php?rest_route=\/wp\/v2\/users\/1"}],"replies":[{"embeddable":true,"href":"https:\/\/goiana.pe.leg.br\/portal\/index.php?rest_route=%2Fwp%2Fv2%2Fcomments&post=3107"}],"version-history":[{"count":0,"href":"https:\/\/goiana.pe.leg.br\/portal\/index.php?rest_route=\/wp\/v2\/pages\/3107\/revisions"}],"wp:attachment":[{"href":"https:\/\/goiana.pe.leg.br\/portal\/index.php?rest_route=%2Fwp%2Fv2%2Fmedia&parent=3107"}],"curies":[{"name":"wp","href":"https:\/\/api.w.org\/{rel}","templated":true}]}}