{"id":3383,"date":"2021-01-20T10:59:15","date_gmt":"2021-01-20T12:59:15","guid":{"rendered":"http:\/\/goiana.pe.leg.br\/?page_id=47"},"modified":"2021-01-20T10:59:15","modified_gmt":"2021-01-20T12:59:15","slug":"simbolos-do-municipio","status":"publish","type":"page","link":"https:\/\/goiana.pe.leg.br\/portal\/?page_id=3383","title":{"rendered":"S\u00edmbolos do Munic\u00edpio"},"content":{"rendered":"\n<p><\/p>\n\n\n\n<p><\/p>\n\n\n\n<div class=\"wp-block-image\"><figure class=\"aligncenter size-full\"><img loading=\"lazy\" decoding=\"async\" width=\"515\" height=\"494\" src=\"https:\/\/goiana.pe.leg.br\/portal\/wp-content\/uploads\/2022\/01\/brasao.jpeg\" alt=\"\" class=\"wp-image-2032\" srcset=\"https:\/\/goiana.pe.leg.br\/portal\/wp-content\/uploads\/2022\/01\/brasao.jpeg 515w, https:\/\/goiana.pe.leg.br\/portal\/wp-content\/uploads\/2022\/01\/brasao-300x288.jpeg 300w, https:\/\/goiana.pe.leg.br\/portal\/wp-content\/uploads\/2022\/01\/brasao-24x24.jpeg 24w, https:\/\/goiana.pe.leg.br\/portal\/wp-content\/uploads\/2022\/01\/brasao-36x36.jpeg 36w, https:\/\/goiana.pe.leg.br\/portal\/wp-content\/uploads\/2022\/01\/brasao-48x46.jpeg 48w\" sizes=\"auto, (max-width: 515px) 100vw, 515px\" \/><figcaption><strong>Bras\u00e3o<\/strong><\/figcaption><\/figure><\/div>\n\n\n\n<p><strong>Hino de Goiana \u2013 PE<\/strong><\/p>\n\n\n\n<p>Salve, Salve! Terra querida;<br>guarnecida de lindos flor\u00f5es<br>Ber\u00e7o augusto de her\u00f3is sublimados;<br>denodados, ilustres var\u00f5es!<br>Salve! A mais gloriosa trincheira<br>Da f\u00e9 brasileira no ardor varonil<\/p>\n\n\n\n<p>\u2013 onde nossa vov\u00f3 com o filho guapo,<br>Em Tejucupapo salvou o Brasil!<\/p>\n\n\n\n<p>Estribilho<br>Goiana!<br>Terra adorada,<br>sempre amada dos filhos teus!\u2026<br>Pela gl\u00f3ria<br>Do teu passado<br>\u00c9s um presente aben\u00e7oado de Deus.<\/p>\n\n\n\n<p>Se grandeza tens no passado;<br>Laureado \u00e9 teu nome atual!<br>\u2013 pelo grande valor dos teus filhos;<br>Pelo brilho do teu ideal!<br>Eia! Pois, com af\u00e3 laboremos;<br>Unidos marchemos \u2013 olhar no porvir!<br>Pois, somente ao calor das efus\u00f5es<br>T\u00e3o lindos flor\u00f5es h\u00e3o de sempre luzir!<\/p>\n\n\n\n<p><strong>Criado: <\/strong>Lei Municipal n\u00ba 959, de 02 de setembro de 1966, na administra\u00e7\u00e3o do ex-prefeito Louren\u00e7o de Albuquerque Gadelha. <br><strong>Letra e M\u00fasica:<\/strong> \u00c1lvaro Alvin da Anuncia\u00e7\u00e3o Guerra.<\/p>\n\n\n\n<p><\/p>\n","protected":false},"excerpt":{"rendered":"<p>Hino de Goiana \u2013 PE Salve, Salve! Terra querida;guarnecida de lindos flor\u00f5esBer\u00e7o augusto de her\u00f3is sublimados;denodados, ilustres var\u00f5es!Salve! A mais gloriosa trincheiraDa f\u00e9 brasileira no ardor varonil \u2013 onde nossa vov\u00f3 com o filho guapo,Em Tejucupapo salvou o Brasil! EstribilhoGoiana!Terra adorada,sempre amada dos filhos teus!\u2026Pela gl\u00f3riaDo teu passado\u00c9s um presente aben\u00e7oado de Deus. Se grandeza&hellip; <a class=\"more-link\" href=\"https:\/\/goiana.pe.leg.br\/portal\/?page_id=3383\">Continue lendo <span class=\"screen-reader-text\">S\u00edmbolos do Munic\u00edpio<\/span><\/a><\/p>\n","protected":false},"author":1,"featured_media":0,"parent":0,"menu_order":0,"comment_status":"closed","ping_status":"closed","template":"","meta":{"_monsterinsights_skip_tracking":false,"_monsterinsights_sitenote_active":false,"_monsterinsights_sitenote_note":"","_monsterinsights_sitenote_category":0,"footnotes":""},"class_list":["post-3383","page","type-page","status-publish","hentry","entry"],"_links":{"self":[{"href":"https:\/\/goiana.pe.leg.br\/portal\/index.php?rest_route=\/wp\/v2\/pages\/3383","targetHints":{"allow":["GET"]}}],"collection":[{"href":"https:\/\/goiana.pe.leg.br\/portal\/index.php?rest_route=\/wp\/v2\/pages"}],"about":[{"href":"https:\/\/goiana.pe.leg.br\/portal\/index.php?rest_route=\/wp\/v2\/types\/page"}],"author":[{"embeddable":true,"href":"https:\/\/goiana.pe.leg.br\/portal\/index.php?rest_route=\/wp\/v2\/users\/1"}],"replies":[{"embeddable":true,"href":"https:\/\/goiana.pe.leg.br\/portal\/index.php?rest_route=%2Fwp%2Fv2%2Fcomments&post=3383"}],"version-history":[{"count":0,"href":"https:\/\/goiana.pe.leg.br\/portal\/index.php?rest_route=\/wp\/v2\/pages\/3383\/revisions"}],"wp:attachment":[{"href":"https:\/\/goiana.pe.leg.br\/portal\/index.php?rest_route=%2Fwp%2Fv2%2Fmedia&parent=3383"}],"curies":[{"name":"wp","href":"https:\/\/api.w.org\/{rel}","templated":true}]}}