{"id":3390,"date":"2021-01-20T11:08:34","date_gmt":"2021-01-20T13:08:34","guid":{"rendered":"http:\/\/goiana.pe.leg.br\/?page_id=74"},"modified":"2025-12-12T14:53:53","modified_gmt":"2025-12-12T14:53:53","slug":"esic-2","status":"publish","type":"page","link":"https:\/\/goiana.pe.leg.br\/portal\/?page_id=3390","title":{"rendered":"Servi\u00e7o de Informa\u00e7\u00e3o ao Cidad\u00e3o &#8211; SIC"},"content":{"rendered":"\n<p class=\"has-text-align-center\"><strong>Nesta se\u00e7\u00e3o, voc\u00ea tem acesso ao Servi\u00e7o Eletr\u00f4nico de Informa\u00e7\u00e3o ao Cidad\u00e3o da C\u00e2mara Municipal de Goiana &#8211; PE<\/strong><\/p>\n\n\n\n<div class=\"wp-block-buttons is-horizontal is-content-justification-center is-layout-flex wp-container-core-buttons-is-layout-03627597 wp-block-buttons-is-layout-flex\">\n<div class=\"wp-block-button\"><a class=\"wp-block-button__link wp-element-button\" href=\"https:\/\/falabr.cgu.gov.br\/web\/PE\/Goiana\" target=\"_blank\" rel=\"noreferrer noopener\">Acesso ao e-SIC<\/a><\/div>\n\n\n\n<div class=\"wp-block-button\"><a class=\"wp-block-button__link wp-element-button\" href=\"https:\/\/goiana.pe.leg.br\/portal\/?page_id=4009\">Relat\u00f3rios<\/a><\/div>\n<\/div>\n\n\n\n<p>Em atendimento \u00e0 Lei n\u00b0 12.527\/2011, a C\u00e2mara Municipal de Goiana instituiu o seu Servi\u00e7o Eletr\u00f4nico de Informa\u00e7\u00f5es ao Cidad\u00e3o (E-SIC), unidade operacionalizada pela Ouvidoria, com o prop\u00f3sito de assegurar \u00e0 sociedade o direito de obter, junto ao Poder Legislativo local,&nbsp;no \u00e2mbito de suas compet\u00eancias,&nbsp;informa\u00e7\u00f5es&nbsp;de interesse coletivo ou geral por ele produzidas ou custodiadas. Com isso, a C\u00e2mara busca&nbsp;ampliar as a\u00e7\u00f5es voltadas ao efetivo exerc\u00edcio da transpar\u00eancia na gest\u00e3o e ao fortalecimento do controle social.<\/p>\n\n\n\n<p>Os pedidos de informa\u00e7\u00f5es devem ser feitos preferencialmente pelo canal do E-SIC, clicando no bot\u00e3o a seguir \u201cACESSO AO E-SIC\u201d, em seguida clicando na op\u00e7\u00e3o \u201c ENTRAR COM GOV\u201d, (caso o usu\u00e1rio n\u00e3o possua cadastro, o mesmo digitar\u00e1 o cpf para iniciar o processo cadastral), em seguida poder\u00e1 fazer o registro da solicita\u00e7\u00e3o.<\/p>\n\n\n\n<p><strong>CANAIS DE ATENDIMENTO DO SIC DA C\u00c2MARA MUNICIPAL DE GOIANA<\/strong><\/p>\n\n\n\n<p>Al\u00e9m do servi\u00e7o eletr\u00f4nico, o SIC disp\u00f5e de atendimento presencial. Em ambos os casos, o cidad\u00e3o pode acompanhar o status do seu pedido pelo&nbsp;n\u00famero de protocolo&nbsp;gerado, e receber a resposta atrav\u00e9s de seu e-mail.<\/p>\n\n\n\n<p>O atendimento presencial \u00e9 realizado no espa\u00e7o da Ouvidoria, situado no pr\u00e9dio sede da C\u00e2mara Municipal de Goiana, no endere\u00e7o Av. Marechal Deodoro da Fonseca, n\u00b0 115, Centro, Goiana-PE, CEP: 55.900-000, mediante registro da solicita\u00e7\u00e3o.<\/p>\n\n\n\n<p>A resposta ao requerimento, tanto eletr\u00f4nico quanto presencial, ser\u00e1 enviada por e-mail, em at\u00e9 20 dias, podendo esse prazo ser prorrogado por mais 10 dias, nos termos da Lei n\u00b0 12.527\/2011.<\/p>\n\n\n\n<p><strong>RESPONS\u00c1VEIS PELO SIC<\/strong><\/p>\n\n\n\n<p>Cilene Magda Vasconcelos de Souza &#8211; <strong>Ouvidora<\/strong><\/p>\n\n\n\n<p><strong>Onde Estamos?<\/strong><\/p>\n\n\n\n<p>Av. Marechal Deodoro da Fonseca, n\u00b0 115, Centro, Goiana-PE<\/p>\n\n\n\n<p>CEP: 55.900-000<\/p>\n\n\n\n<p>Informa\u00e7\u00f5es: (81) 99334-0293<\/p>\n\n\n\n<p>Hor\u00e1rio de Funcionamento: 7h \u00e0s 13h<\/p>\n\n\n\n<p>esic@goiana.pe.leg.br<\/p>\n\n\n\n<p>Nossos Servi\u00e7os<\/p>\n\n\n\n<p>SIC \u2013 Servi\u00e7o de Informa\u00e7\u00f5es ao Cidad\u00e3o e Ouvidoria<\/p>\n\n\n\n<p>Prazos detalhados:<\/p>\n\n\n\n<ul class=\"wp-block-list\">\n<li><strong>Resposta inicial:<\/strong>&nbsp;20 dias a partir do registro do pedido no e-SIC.&nbsp;<\/li>\n\n\n\n<li><strong>Prorroga\u00e7\u00e3o:<\/strong>&nbsp;10 dias adicionais, totalizando 30 dias.&nbsp;<\/li>\n\n\n\n<li><strong>Recurso:<\/strong>&nbsp;10 dias para apresentar recurso, a partir da ci\u00eancia da decis\u00e3o.&nbsp;<\/li>\n\n\n\n<li><strong>Tratamento do recurso:<\/strong>&nbsp;5 dias para o tratamento do recurso.&nbsp;<\/li>\n<\/ul>\n\n\n\n<p>Legisla\u00e7\u00e3o<\/p>\n\n\n\n<p><a href=\"http:\/\/www.planalto.gov.br\/ccivil_03\/_ato2011-2014\/2011\/lei\/l12527.htm\" target=\"_blank\" rel=\"noreferrer noopener\">Lei n\u00b012.527\/2011<\/a><\/p>\n\n\n\n<p><a href=\"http:\/\/www.planalto.gov.br\/ccivil_03\/_ato2015-2018\/2017\/lei\/l13460.htm\" target=\"_blank\" rel=\"noreferrer noopener\">Lei n\u00ba 13.460\/2017<\/a><\/p>\n\n\n\n<p><a href=\"https:\/\/sapl.goiana.pe.leg.br\/media\/sapl\/public\/normajuridica\/2021\/378\/resolucao__162221.pdf\" target=\"_blank\" rel=\"noreferrer noopener\">Resolu\u00e7\u00e3o 1655\/2021<\/a><\/p>\n\n\n\n<p><a href=\"https:\/\/www.planalto.gov.br\/ccivil_03\/_Ato2011-2014\/2012\/Decreto\/D7724.htm\" target=\"_blank\" rel=\"noreferrer noopener\">Decreto n\u00ba 7.724<\/a><\/p>\n\n\n\n<p><a href=\"http:\/\/www.planalto.gov.br\/ccivil_03\/_Ato2023-2026\/2023\/Decreto\/D11527.htm\" target=\"_blank\" rel=\"noreferrer noopener\">Decreto n\u00ba 11.527<\/a><\/p>\n","protected":false},"excerpt":{"rendered":"<p>Nesta se\u00e7\u00e3o, voc\u00ea tem acesso ao Servi\u00e7o Eletr\u00f4nico de Informa\u00e7\u00e3o ao Cidad\u00e3o da C\u00e2mara Municipal de Goiana &#8211; PE Em atendimento \u00e0 Lei n\u00b0 12.527\/2011, a C\u00e2mara Municipal de Goiana instituiu o seu Servi\u00e7o Eletr\u00f4nico de Informa\u00e7\u00f5es ao Cidad\u00e3o (E-SIC), unidade operacionalizada pela Ouvidoria, com o prop\u00f3sito de assegurar \u00e0 sociedade o direito de obter,&hellip; <a class=\"more-link\" href=\"https:\/\/goiana.pe.leg.br\/portal\/?page_id=3390\">Continue lendo <span class=\"screen-reader-text\">Servi\u00e7o de Informa\u00e7\u00e3o ao Cidad\u00e3o &#8211; SIC<\/span><\/a><\/p>\n","protected":false},"author":1,"featured_media":0,"parent":0,"menu_order":0,"comment_status":"closed","ping_status":"closed","template":"","meta":{"_monsterinsights_skip_tracking":false,"_monsterinsights_sitenote_active":false,"_monsterinsights_sitenote_note":"","_monsterinsights_sitenote_category":0,"footnotes":""},"class_list":["post-3390","page","type-page","status-publish","hentry","entry"],"_links":{"self":[{"href":"https:\/\/goiana.pe.leg.br\/portal\/index.php?rest_route=\/wp\/v2\/pages\/3390","targetHints":{"allow":["GET"]}}],"collection":[{"href":"https:\/\/goiana.pe.leg.br\/portal\/index.php?rest_route=\/wp\/v2\/pages"}],"about":[{"href":"https:\/\/goiana.pe.leg.br\/portal\/index.php?rest_route=\/wp\/v2\/types\/page"}],"author":[{"embeddable":true,"href":"https:\/\/goiana.pe.leg.br\/portal\/index.php?rest_route=\/wp\/v2\/users\/1"}],"replies":[{"embeddable":true,"href":"https:\/\/goiana.pe.leg.br\/portal\/index.php?rest_route=%2Fwp%2Fv2%2Fcomments&post=3390"}],"version-history":[{"count":12,"href":"https:\/\/goiana.pe.leg.br\/portal\/index.php?rest_route=\/wp\/v2\/pages\/3390\/revisions"}],"predecessor-version":[{"id":4092,"href":"https:\/\/goiana.pe.leg.br\/portal\/index.php?rest_route=\/wp\/v2\/pages\/3390\/revisions\/4092"}],"wp:attachment":[{"href":"https:\/\/goiana.pe.leg.br\/portal\/index.php?rest_route=%2Fwp%2Fv2%2Fmedia&parent=3390"}],"curies":[{"name":"wp","href":"https:\/\/api.w.org\/{rel}","templated":true}]}}