{"id":3398,"date":"2021-01-20T11:45:25","date_gmt":"2021-01-20T13:45:25","guid":{"rendered":"http:\/\/goiana.pe.leg.br\/?page_id=150"},"modified":"2021-01-20T11:45:25","modified_gmt":"2021-01-20T13:45:25","slug":"acessibilidade","status":"publish","type":"page","link":"https:\/\/goiana.pe.leg.br\/portal\/?page_id=3398","title":{"rendered":"Acessibilidade"},"content":{"rendered":"\n<p>O termo acessibilidade significa incluir a pessoa com defici\u00eancia na participa\u00e7\u00e3o de atividades como o uso de produtos, servi\u00e7os e informa\u00e7\u00f5es. Alguns exemplos s\u00e3o os pr\u00e9dios com rampas de acesso para cadeira de rodas e banheiros adaptados para deficientes.Na internet, acessibilidade refere-se principalmente \u00e0s recomenda\u00e7\u00f5es do WCAG (World Content Accessibility Guide) do W3C e no caso do Governo Brasileiro ao e-MAG (Modelo de Acessibilidade em Governo Eletr\u00f4nico). O e-MAG est\u00e1 alinhado as recomenda\u00e7\u00f5es internacionais, mas estabelece padr\u00f5es de comportamento acess\u00edvel para sites governamentais.<\/p>\n\n\n\n<hr class=\"wp-block-separator\"\/>\n\n\n\n<h4 class=\"wp-block-heading\">Leis e decretos sobre acessibilidade:<\/h4>\n\n\n\n<ul class=\"wp-block-list\"><li><a href=\"http:\/\/www.planalto.gov.br\/ccivil_03\/_Ato2004-2006\/2004\/Decreto\/D5296.htm\" target=\"_blank\" rel=\"noreferrer noopener\">Decreto n\u00ba 5.296 de 02 de dezembro de 2004<\/a>.<\/li><li><a href=\"http:\/\/www.planalto.gov.br\/ccivil_03\/_ato2007-2010\/2009\/decreto\/d6949.htm\" target=\"_blank\" rel=\"noreferrer noopener\">Decreto n\u00ba 6.949, de 25 de agosto de 2009<\/a>&nbsp;&#8211; Promulga a Conven\u00e7\u00e3o Internacional sobre os Direitos das Pessoas com Defici\u00eancia e seu Protocolo Facultativo, assinados em Nova York, em 30 de mar\u00e7o de 2007.<\/li><li><a href=\"http:\/\/www.planalto.gov.br\/ccivil_03\/_ato2011-2014\/2012\/Decreto\/D7724.htm\" target=\"_blank\" rel=\"noreferrer noopener\">Decreto n\u00ba 7.724, de 16 de Maio de 2012<\/a>&nbsp;&#8211; Regulamenta a Lei No 12.527, que disp\u00f5e sobre o acesso a informa\u00e7\u00f5es.<\/li><li><a href=\"http:\/\/emag.governoeletronico.gov.br\/\" target=\"_blank\" rel=\"noreferrer noopener\">Modelo de Acessibilidade de Governo Eletr\u00f4nico<\/a>.<\/li><li><a href=\"https:\/\/www.governoeletronico.gov.br\/documentos-e-arquivos\/portaria3_eMAG.pdf\" target=\"_blank\" rel=\"noreferrer noopener\">Portaria n\u00ba 03, de 07 de Maio de 2007 &#8211; formato .pdf (35,5Kb)<\/a>&nbsp;&#8211; Institucionaliza o Modelo de Acessibilidade em Governo Eletr\u00f4nico \u2013 e-MAG.<\/li><\/ul>\n\n\n\n<p>Fonte:&nbsp;<a href=\"http:\/\/www.brasil.gov.br\/acessibilidade\" target=\"_blank\" rel=\"noreferrer noopener\">http:\/\/www.brasil.gov.br\/acessibilidade<\/a><\/p>\n","protected":false},"excerpt":{"rendered":"<p>O termo acessibilidade significa incluir a pessoa com defici\u00eancia na participa\u00e7\u00e3o de atividades como o uso de produtos, servi\u00e7os e informa\u00e7\u00f5es. Alguns exemplos s\u00e3o os pr\u00e9dios com rampas de acesso para cadeira de rodas e banheiros adaptados para deficientes.Na internet, acessibilidade refere-se principalmente \u00e0s recomenda\u00e7\u00f5es do WCAG (World Content Accessibility Guide) do W3C e no&hellip; <a class=\"more-link\" href=\"https:\/\/goiana.pe.leg.br\/portal\/?page_id=3398\">Continue lendo <span class=\"screen-reader-text\">Acessibilidade<\/span><\/a><\/p>\n","protected":false},"author":1,"featured_media":0,"parent":0,"menu_order":0,"comment_status":"closed","ping_status":"closed","template":"","meta":{"_monsterinsights_skip_tracking":false,"_monsterinsights_sitenote_active":false,"_monsterinsights_sitenote_note":"","_monsterinsights_sitenote_category":0,"footnotes":""},"class_list":["post-3398","page","type-page","status-publish","hentry","entry"],"_links":{"self":[{"href":"https:\/\/goiana.pe.leg.br\/portal\/index.php?rest_route=\/wp\/v2\/pages\/3398","targetHints":{"allow":["GET"]}}],"collection":[{"href":"https:\/\/goiana.pe.leg.br\/portal\/index.php?rest_route=\/wp\/v2\/pages"}],"about":[{"href":"https:\/\/goiana.pe.leg.br\/portal\/index.php?rest_route=\/wp\/v2\/types\/page"}],"author":[{"embeddable":true,"href":"https:\/\/goiana.pe.leg.br\/portal\/index.php?rest_route=\/wp\/v2\/users\/1"}],"replies":[{"embeddable":true,"href":"https:\/\/goiana.pe.leg.br\/portal\/index.php?rest_route=%2Fwp%2Fv2%2Fcomments&post=3398"}],"version-history":[{"count":0,"href":"https:\/\/goiana.pe.leg.br\/portal\/index.php?rest_route=\/wp\/v2\/pages\/3398\/revisions"}],"wp:attachment":[{"href":"https:\/\/goiana.pe.leg.br\/portal\/index.php?rest_route=%2Fwp%2Fv2%2Fmedia&parent=3398"}],"curies":[{"name":"wp","href":"https:\/\/api.w.org\/{rel}","templated":true}]}}