{"id":3399,"date":"2021-01-21T06:48:48","date_gmt":"2021-01-21T09:48:48","guid":{"rendered":"http:\/\/goiana.pe.leg.br\/?page_id=179"},"modified":"2021-01-21T06:48:48","modified_gmt":"2021-01-21T09:48:48","slug":"atribuicoes-da-camara-municipal","status":"publish","type":"page","link":"https:\/\/goiana.pe.leg.br\/portal\/?page_id=3399","title":{"rendered":"Atribui\u00e7\u00f5es da C\u00e2mara Municipal"},"content":{"rendered":"\n<p>Art. 89 &#8211;&nbsp; \u00c0&nbsp; Mesa da C\u00e2mara compete, especificamente, al\u00e9m de as atribui\u00e7\u00f5es estabelecidas em lei, neste Regimento ou por Resolu\u00e7\u00e3o da C\u00e2mara, impl\u00edcita ou expressamente, o seguinte:<\/p>\n\n\n\n<p>I&nbsp; &#8211;&nbsp;&nbsp; Proceder&nbsp; a&nbsp; tomada&nbsp; de&nbsp; Contas&nbsp; do&nbsp; Munic\u00edpio,&nbsp; quando&nbsp; n\u00e3o apresentada \u00e0 C\u00e2mara Municipal, no prazo legal;<\/p>\n\n\n\n<p>II&nbsp; &#8211;&nbsp; elaborar e encaminhar ao Prefeito,&nbsp; no prazo que a Lei Complementar definir, ap\u00f3s&nbsp; aprova\u00e7\u00e3o pelo plen\u00e1rio, a proposta parcial do amento da C\u00e2mara,&nbsp; para ser inclu\u00edda, na proposta geral do munic\u00edpio a proposta elaborada pela Mesa;<\/p>\n\n\n\n<p>III &#8211;&nbsp; propor projetos que fixem a remunera\u00e7\u00e3o do&nbsp; Prefeito, do Vice prefeito e dos Vereadores, observados os preceitos legais;<\/p>\n\n\n\n<p>IV &#8211;&nbsp; apresentar projetos de lei dispondo sobre a abertura de cr\u00e9ditos especiais,&nbsp; atrav\u00e9s do aproveitamento total ou parcial das consigna\u00e7\u00f5es or\u00e7ament\u00e1rias da C\u00e2mara;<\/p>\n\n\n\n<p>V&nbsp; &#8211;&nbsp;&nbsp; representar, junto ao Executivo, sobre necessidades de economia interna;<\/p>\n\n\n\n<p>VI&nbsp; &#8211;&nbsp;&nbsp; contratar,&nbsp; na&nbsp; forma&nbsp; da&nbsp; lei,&nbsp; por&nbsp; tempo&nbsp; determinado,&nbsp; para atender as necessidades tempor\u00e1rias de excepcional interesse p\u00fablico;<\/p>\n\n\n\n<p>VII &#8211;&nbsp; requisitar, por solicita\u00e7\u00e3o de qualquer vereador, informa\u00e7\u00f5es c\u00f3pias&nbsp; autenticadas&nbsp; de&nbsp; documentos&nbsp; referentes&nbsp; a despesas realizadas por \u00f3rg\u00e3o e entidade da administra\u00e7\u00e3o direta, indireta ou fundacional do Munic\u00edpio e de sua Mesa Diretora;<\/p>\n\n\n\n<p>VIII &#8211;&nbsp; Dirigir todos os servi\u00e7os da Casa durante as sess\u00f5es legislativas e nos seus recessos, e tomar as provid\u00eancias necess\u00e1rias \u00e0 realidade dos trabalhos administrativos;<\/p>\n\n\n\n<p>II &#8211;&nbsp; promulgar as emendas \u00e0 Lei Org\u00e2nica do Munic\u00edpio;<\/p>\n\n\n\n<p>X&nbsp; &#8211;&nbsp; propor a\u00e7\u00e3o de inconstitucionalidade, por iniciativa pr\u00f3pria ou a requerimento de Vereador ou Comiss\u00e3o;<\/p>\n\n\n\n<p>XI&nbsp; &#8211;&nbsp;&nbsp; dar&nbsp; parecer&nbsp; sobre&nbsp; a&nbsp; elabora\u00e7\u00e3o&nbsp; do&nbsp; Regimento&nbsp; Interno&nbsp; da C\u00e2mara e suas modifica\u00e7\u00f5es;<\/p>\n\n\n\n<p>XII &#8211;&nbsp; conferir aos seus membros atribui\u00e7\u00f5es ou encargos referen\u00adtes aos servi\u00e7os legislativos e administrativos da Casa;<\/p>\n\n\n\n<p>XIII &#8211;&nbsp; fixar diretrizes para divulga\u00e7\u00e3o das atividades da C\u00e2mara;<\/p>\n\n\n\n<p>XIV&nbsp; &#8211;&nbsp; adotar as provid\u00eancias cab\u00edveis,&nbsp; por solicita\u00e7\u00e3o do&nbsp; interessado, para a defesa judicial e extrajudicial de Vereador contra amea\u00e7a ou a pr\u00e1tica de ato atentat\u00f3rio ao livre exerc\u00edcio;<\/p>\n\n\n\n<p>XV&nbsp; &#8211;&nbsp;&nbsp; elaborar,&nbsp; ouvidos&nbsp; o&nbsp; col\u00e9gio&nbsp; L\u00edderes&nbsp; e&nbsp; os&nbsp; Presidentes&nbsp; de Comiss\u00f5es&nbsp; Permanentes,&nbsp; Projeto&nbsp; de&nbsp; Regimento&nbsp; Interno&nbsp; das&nbsp; Comiss\u00f5es que,&nbsp; aprovado&nbsp; pelo&nbsp; Plen\u00e1rio,&nbsp; ser\u00e1&nbsp; parte integrante deste&nbsp; Regimento;<\/p>\n\n\n\n<p>XVI &#8211;&nbsp; promover ou adotar,&nbsp; em virtude de decis\u00e3o judicial, as provid\u00eancias&nbsp; necess\u00e1rias&nbsp; de&nbsp; sua&nbsp; al\u00e7ada&nbsp; ou&nbsp; que&nbsp; insiram&nbsp; na compet\u00eancia legislativa da C\u00e2mara,&nbsp; relativas aos arts.&nbsp; 102, inciso, I, al\u00ednea \u201cq\u201d e 103 \u00a7 2\u00ba da Constitui\u00e7\u00e3o da Rep\u00fablica;<\/p>\n\n\n\n<p>XVII&nbsp; &#8211;&nbsp;&nbsp; apreciar e&nbsp; encaminhar pedidos escritos de&nbsp; informa\u00e7\u00f5es a Secret\u00e1rios Municipais;<\/p>\n\n\n\n<p>XVIII&nbsp; &#8211;&nbsp;&nbsp; aplicar a&nbsp; penalidade&nbsp; de&nbsp; censura escrita&nbsp; a Vereador ou a perda tempor\u00e1ria do exerc\u00edcio do mandato, na forma deste Regimento;<\/p>\n\n\n\n<p>XIX&nbsp; &#8211;&nbsp;&nbsp; assegurar,&nbsp; nos&nbsp; recessos&nbsp; por&nbsp; turno, &nbsp;o atendimento dos casos emergentes, convocando a C\u00e2mara, se necess\u00e1rio;<\/p>\n\n\n\n<p>XX&nbsp; &#8211;&nbsp;&nbsp; propor,&nbsp; privativamente,&nbsp; \u00e0&nbsp; C\u00e2mara,&nbsp; projeto&nbsp; de&nbsp; Resolu\u00e7\u00e3o dispondo&nbsp; sobre sua organiza\u00e7\u00e3o,&nbsp; funcionamento,&nbsp; pol\u00edcia, regime jur\u00eddi\u00adco&nbsp; do&nbsp; pessoal,&nbsp; cria\u00e7\u00e3o,&nbsp; transforma\u00e7\u00e3o&nbsp; ou&nbsp; extin\u00e7\u00e3o de&nbsp; cargos,&nbsp; empregos&nbsp; e&nbsp; fun\u00e7\u00f5es&nbsp; e&nbsp; fixa\u00e7\u00e3o&nbsp; da&nbsp; respectiva&nbsp; remunera\u00e7\u00e3o,&nbsp; observados&nbsp; os par\u00e2metros estabelecidos na lei de diretrizes or\u00e7ament\u00e1rias;<\/p>\n\n\n\n<p>XXI &#8211;&nbsp; encaminhar ao Poder Executivo as solicita\u00e7\u00f5es de cr\u00e9ditos adicionais necess\u00e1rios ao funcionamento da C\u00e2mara e dos seus servi\u00e7os;<\/p>\n\n\n\n<p>XXII&nbsp; &#8211;&nbsp;&nbsp; estabelecer&nbsp; os&nbsp; limites&nbsp; de&nbsp; compet\u00eancia&nbsp; para&nbsp; as&nbsp; autoriza\u00e7\u00f5es de despesas;<\/p>\n\n\n\n<p>XXIII &#8211;&nbsp; autorizar assinatura de conv\u00eanios e de contratos de presta\u00e7\u00e3o de servi\u00e7os;<\/p>\n\n\n\n<p>XXIV &#8211;&nbsp; aprovar o or\u00e7amento anal\u00edtico da C\u00e2mara;<\/p>\n\n\n\n<p>XXV &#8211;&nbsp; autorizar licita\u00e7\u00e3o,&nbsp; homologar seus resultados e aprovar o calend\u00e1rio de contas;<\/p>\n\n\n\n<p>XXVI &#8211;&nbsp; requisitar refor\u00e7o policial;<\/p>\n\n\n\n<p>XXVII&nbsp; &#8211;&nbsp;&nbsp; apresentar&nbsp; \u00e0&nbsp; C\u00e2mara,&nbsp; na&nbsp; sess\u00e3o&nbsp; de&nbsp; encerramento&nbsp; do ano legislativo,&nbsp; resenha dos&nbsp; trabalhos realizados,&nbsp; precedida de sucinto relat\u00f3rio sobre o seu desempenho.<\/p>\n\n\n\n<p>\u00a71\u00ba<\/p>\n\n\n\n<p>\u00a72\u00ba<\/p>\n","protected":false},"excerpt":{"rendered":"<p>Art. 89 &#8211;&nbsp; \u00c0&nbsp; Mesa da C\u00e2mara compete, especificamente, al\u00e9m de as atribui\u00e7\u00f5es estabelecidas em lei, neste Regimento ou por Resolu\u00e7\u00e3o da C\u00e2mara, impl\u00edcita ou expressamente, o seguinte: I&nbsp; &#8211;&nbsp;&nbsp; Proceder&nbsp; a&nbsp; tomada&nbsp; de&nbsp; Contas&nbsp; do&nbsp; Munic\u00edpio,&nbsp; quando&nbsp; n\u00e3o apresentada \u00e0 C\u00e2mara Municipal, no prazo legal; II&nbsp; &#8211;&nbsp; elaborar e encaminhar ao Prefeito,&nbsp; no prazo&hellip; <a class=\"more-link\" href=\"https:\/\/goiana.pe.leg.br\/portal\/?page_id=3399\">Continue lendo <span class=\"screen-reader-text\">Atribui\u00e7\u00f5es da C\u00e2mara Municipal<\/span><\/a><\/p>\n","protected":false},"author":1,"featured_media":0,"parent":0,"menu_order":0,"comment_status":"closed","ping_status":"closed","template":"","meta":{"_monsterinsights_skip_tracking":false,"_monsterinsights_sitenote_active":false,"_monsterinsights_sitenote_note":"","_monsterinsights_sitenote_category":0,"footnotes":""},"class_list":["post-3399","page","type-page","status-publish","hentry","entry"],"_links":{"self":[{"href":"https:\/\/goiana.pe.leg.br\/portal\/index.php?rest_route=\/wp\/v2\/pages\/3399","targetHints":{"allow":["GET"]}}],"collection":[{"href":"https:\/\/goiana.pe.leg.br\/portal\/index.php?rest_route=\/wp\/v2\/pages"}],"about":[{"href":"https:\/\/goiana.pe.leg.br\/portal\/index.php?rest_route=\/wp\/v2\/types\/page"}],"author":[{"embeddable":true,"href":"https:\/\/goiana.pe.leg.br\/portal\/index.php?rest_route=\/wp\/v2\/users\/1"}],"replies":[{"embeddable":true,"href":"https:\/\/goiana.pe.leg.br\/portal\/index.php?rest_route=%2Fwp%2Fv2%2Fcomments&post=3399"}],"version-history":[{"count":0,"href":"https:\/\/goiana.pe.leg.br\/portal\/index.php?rest_route=\/wp\/v2\/pages\/3399\/revisions"}],"wp:attachment":[{"href":"https:\/\/goiana.pe.leg.br\/portal\/index.php?rest_route=%2Fwp%2Fv2%2Fmedia&parent=3399"}],"curies":[{"name":"wp","href":"https:\/\/api.w.org\/{rel}","templated":true}]}}