{"id":379,"date":"2021-02-04T21:29:01","date_gmt":"2021-02-05T00:29:01","guid":{"rendered":"http:\/\/goiana.pe.leg.br\/?page_id=379"},"modified":"2025-07-25T17:56:40","modified_gmt":"2025-07-25T17:56:40","slug":"estrutura-organizacional-2","status":"publish","type":"page","link":"https:\/\/goiana.pe.leg.br\/portal\/?page_id=379","title":{"rendered":"Estrutura Organizacional"},"content":{"rendered":"\n<figure class=\"wp-block-image aligncenter size-large\"><img loading=\"lazy\" decoding=\"async\" width=\"724\" height=\"1024\" src=\"https:\/\/goiana.pe.leg.br\/portal\/wp-content\/uploads\/2025\/07\/WhatsApp-Image-2025-07-25-at-12.12.00-724x1024.jpeg\" alt=\"\" class=\"wp-image-3965\" srcset=\"https:\/\/goiana.pe.leg.br\/portal\/wp-content\/uploads\/2025\/07\/WhatsApp-Image-2025-07-25-at-12.12.00-724x1024.jpeg 724w, https:\/\/goiana.pe.leg.br\/portal\/wp-content\/uploads\/2025\/07\/WhatsApp-Image-2025-07-25-at-12.12.00-212x300.jpeg 212w, https:\/\/goiana.pe.leg.br\/portal\/wp-content\/uploads\/2025\/07\/WhatsApp-Image-2025-07-25-at-12.12.00-768x1086.jpeg 768w, https:\/\/goiana.pe.leg.br\/portal\/wp-content\/uploads\/2025\/07\/WhatsApp-Image-2025-07-25-at-12.12.00-1086x1536.jpeg 1086w, https:\/\/goiana.pe.leg.br\/portal\/wp-content\/uploads\/2025\/07\/WhatsApp-Image-2025-07-25-at-12.12.00-1448x2048.jpeg 1448w, https:\/\/goiana.pe.leg.br\/portal\/wp-content\/uploads\/2025\/07\/WhatsApp-Image-2025-07-25-at-12.12.00-1568x2218.jpeg 1568w, https:\/\/goiana.pe.leg.br\/portal\/wp-content\/uploads\/2025\/07\/WhatsApp-Image-2025-07-25-at-12.12.00-17x24.jpeg 17w, https:\/\/goiana.pe.leg.br\/portal\/wp-content\/uploads\/2025\/07\/WhatsApp-Image-2025-07-25-at-12.12.00-25x36.jpeg 25w, https:\/\/goiana.pe.leg.br\/portal\/wp-content\/uploads\/2025\/07\/WhatsApp-Image-2025-07-25-at-12.12.00-34x48.jpeg 34w, https:\/\/goiana.pe.leg.br\/portal\/wp-content\/uploads\/2025\/07\/WhatsApp-Image-2025-07-25-at-12.12.00-scaled.jpeg 1810w\" sizes=\"auto, (max-width: 724px) 100vw, 724px\" \/><\/figure>\n\n\n\n<p><strong>A C\u00e2mara Municipal de Goiana tem a seguinte estrutura para possibilitar o funcionamento do Poder Legislativo.<\/strong><\/p>\n\n\n\n<p>A administra\u00e7\u00e3o da C\u00e2mara Municipal atua observando a Constitui\u00e7\u00e3o Federal, a Constitui\u00e7\u00e3o Estadual, a Lei Org\u00e2nica do Munic\u00edpio, que lhe assegura<br>autonomia pol\u00edtica, administrativa e financeira, e o seu Regimento Interno, instrumento delineador das atribui\u00e7\u00f5es dos \u00f3rg\u00e3os do Poder Legislativo que define<br>suas fun\u00e7\u00f5es legislativas, fiscalizadoras e administrativas, bem como suas atribui\u00e7\u00f5es.<\/p>\n\n\n\n<p><strong>Poder Legislativo:<\/strong><\/p>\n\n\n\n<p><br>Dentre as atribui\u00e7\u00f5es da C\u00e2mara Municipal encontram-se a de controle e fiscaliza\u00e7\u00e3o dos atos do Executivo; julgamento de infra\u00e7\u00f5es pol\u00edtico administrativas<br>do Prefeito e de seus pares; a pr\u00e1tica de atos administrativos nos assuntos de sua economia interna; o exerc\u00edcio de atividade decorrente<br>de disposi\u00e7\u00f5es normativas (leis), delibera\u00e7\u00f5es administrativas (decretos legislativos, resolu\u00e7\u00f5es e outros atos), sugest\u00f5es ao Executivo (indica\u00e7\u00f5es), e<br>sobre qualquer assunto da compet\u00eancia local no que se refere \u00e0 defesa dos interesses coletivos.<\/p>\n\n\n\n<p>A atividade legislativa da C\u00e2mara para o desempenho de suas atribui\u00e7\u00f5es ocorre nas&nbsp;<strong>Sess\u00f5es Plen\u00e1rias<\/strong>&nbsp;que somente podem ser abertas e ter<br>prosseguimento com a presen\u00e7a de, no m\u00ednimo, um ter\u00e7o dos membros da C\u00e2mara.<br>As&nbsp;<strong>Sess\u00f5es Plen\u00e1rias<\/strong>&nbsp;da C\u00e2mara s\u00e3o p\u00fablicas e com acesso franqueado e livre \u00e0 popula\u00e7\u00e3o e podem ser de Instala\u00e7\u00e3o, Ordin\u00e1rias, Extraordin\u00e1rias, Especiais, Solenes ou Comemorativas.<\/p>\n\n\n\n<p>A C\u00e2mara \u00e9 administrada pela&nbsp;<strong>Mesa Diretora<\/strong>, \u00f3rg\u00e3o de representa\u00e7\u00e3o e diretivo dos trabalhos legislativos e administrativos, constitu\u00edda pelo Presidente, Vice-Presidente, l 9 e 25 Secret\u00e1rios, com mandato de dois anos. Cabe \u00e0 Mesa a pr\u00e1tica de atos de dire\u00e7\u00e3o, administra\u00e7\u00e3o e execu\u00e7\u00e3o das delibera\u00e7\u00f5es aprovadas pelo Plen\u00e1rio, na forma regimental.<\/p>\n\n\n\n<p>O&nbsp;<strong>Presidente<\/strong>&nbsp;\u00e9 o representante legal da C\u00e2mara, cabendo-lhe as fun\u00e7\u00f5es administrativas e diretivas de todas as atividades internas.<\/p>\n\n\n\n<p>O&nbsp;<strong>Vice-Presidente<\/strong>&nbsp;tem como atribui\u00e7\u00e3o substituir o presidente quando de sua aus\u00eancia ou falta.<\/p>\n\n\n\n<p>Os&nbsp;<strong>Secret\u00e1rios<\/strong>&nbsp;t\u00eam como atribui\u00e7\u00e3o auxiliar a presid\u00eancia nos seus servi\u00e7os.<\/p>\n\n\n\n<p>O&nbsp;<strong>Plen\u00e1rio<\/strong>&nbsp;\u00e9 o \u00f3rg\u00e3o deliberativo e soberano da C\u00e2mara, constitu\u00eddo pela reuni\u00e3o de vereadores e suas atribui\u00e7\u00f5es s\u00e3o pol\u00edticas, deliberativas e legislativas.<\/p>\n\n\n\n<p>A C\u00e2mara poder\u00e1 constituir&nbsp;<strong>Comiss\u00f5es<\/strong>&nbsp;compostas pelos pr\u00f3prios vereadores com a participa\u00e7\u00e3o proporcional dos Partidos Pol\u00edticos ou Coliga\u00e7\u00f5es<br>Partid\u00e1rias com assento no Plen\u00e1rio.<\/p>\n\n\n\n<p>As&nbsp;<strong>Comiss\u00f5es Legislativas<\/strong>&nbsp;s\u00e3o \u00f3rg\u00e3os fracion\u00e1rios constitu\u00eddos por vereadores, em car\u00e1ter permanente ou transit\u00f3rio, que se destinam a elaborar estudos, bem como emitir pareceres t\u00e9cnicos, al\u00e9m de realizar investiga\u00e7\u00f5es ou representar a C\u00e2mara.<br>Tratam-se das&nbsp;<strong>Comiss\u00f5es Permanentes<\/strong>&nbsp;e&nbsp;<strong>Tempor\u00e1rias<\/strong>.<\/p>\n\n\n\n<p>\u00c0s&nbsp;<strong>Comiss\u00f5es Permanentes<\/strong>, em n\u00famero de quatros Comiss\u00e3o de Constitui\u00e7\u00e3o, Justi\u00e7o e reda\u00e7\u00e3o; Comiss\u00e3o de Finan\u00e7as, Or\u00e7amento e Fiscaliza\u00e7\u00e3o; Comiss\u00e3o de Urbanismo e Infraestrutura municipal; Comiss\u00e3o de Educa\u00e7\u00e3o, Cultura, Sa\u00fade e Meio Ambiente;), compete o estudo e manifesta\u00e7\u00e3o sobre proposi\u00e7\u00f5es e assuntos submetidos a exame dentro de suas respectivas compet\u00eancias em car\u00e1ter preliminar para balizar a decis\u00e3o do Plen\u00e1rio. Nela s\u00e3o elaborados pareceres t\u00e9cnicos e realizadas Audi\u00eancias P\u00fablicas para ampla discuss\u00e3o das proposi\u00e7\u00f5es.<\/p>\n\n\n\n<p>As&nbsp;<strong>Comiss\u00f5es Tempor\u00e1rias<\/strong>, de car\u00e1ter transit\u00f3rio, objetivam realizar estudos, investiga\u00e7\u00f5es, inqu\u00e9ritos e representa\u00e7\u00e3o social, extinguindo-se t\u00e3o logo alcan\u00e7ados seus objetivos ou expirados seus prazos de delibera\u00e7\u00e3o.<\/p>\n\n\n\n<p><strong>Proposi\u00e7\u00f5es<\/strong>&nbsp;s\u00e3o todas as mat\u00e9rias que o Poder Executivo e os vereadores podem apresentar. S\u00e3o elas: Proposta de Emenda \u00e0 Lei Org\u00e2nica, Projetos de Lei Complementar, Projetos de Lei, Projetos de Decreto Legislativo, Projetos de Resolu\u00e7\u00e3o, Emendas, Substitutivos, Indica\u00e7\u00f5es, Requerimentos e Mo\u00e7\u00f5es. Todas t\u00eam como finalidade complementar, regular mat\u00e9rias, disciplinar procedimentos, al\u00e9m de sugerir, requerer ou indicar melhorias e provid\u00eancias.<\/p>\n\n\n\n<p>&nbsp;<\/p>\n\n\n\n<p><strong>Processo Legislativo:<\/strong><\/p>\n\n\n\n<p><br>Encerra o conjunto dos atos e procedimentos a serem obedecidos na produ\u00e7\u00e3o dos atos normativos que derivam diretamente da pr\u00f3pria constitui\u00e7\u00e3o.<br>Comp\u00f5e-se de fases e atos essenciais \u00e0 tramita\u00e7\u00e3o de uma proposi\u00e7\u00e3o que deva submeter-se \u00e0 delibera\u00e7\u00e3o do plen\u00e1rio (desde a apresenta\u00e7\u00e3o, an\u00e1lise<br>pelas Comiss\u00f5es T\u00e9cnicas, emendas, substitutivos, discuss\u00e3o, vota\u00e7\u00e3o, aprova\u00e7\u00e3o, san\u00e7\u00e3o e promulga\u00e7\u00e3o em caso de veto), de iniciativa de qualquer<br>vereador, mesa, Comiss\u00e3o da C\u00e2mara, prefeito, ou, ainda, da popula\u00e7\u00e3o.<\/p>\n\n\n\n<p>A mat\u00e9ria examinada pelas Comiss\u00f5es \u00e9 discutida em plen\u00e1rio e, ap\u00f3s \u00e9 realizada sua vota\u00e7\u00e3o. Votado e aprovado, o projeto \u00e9 encaminhado ao Executivo para san\u00e7\u00e3o ou n\u00e3o.<\/p>\n\n\n\n<p>Se o prefeito sanciona, o projeto transforma-se em Lei; se n\u00e3o concorda com o projeto veta total ou parcialmente, negando san\u00e7\u00e3o.<\/p>\n\n\n\n<p>O&nbsp;<strong>Veto<\/strong>&nbsp;\u00e9 encaminhado \u00e0 delibera\u00e7\u00e3o da C\u00e2mara que tem prazo de 30 dias para aprecia\u00e7\u00e3o. Se a C\u00e2mara mant\u00e9m o veto, o projeto aprovado n\u00e3o \u00e9<br>transformado em Lei; se a C\u00e2mara rejeita o veto, ser\u00e1 o projeto com o veto rejeitado encaminhado ao Executivo para promulga\u00e7\u00e3o. Se o Prefeito n\u00e3o o<br>fizer no prazo de 48 horas, dever\u00e1 faz\u00ea-lo o presidente da C\u00e2mara. Como Lei, ser\u00e1 publicada a fim de dar-lhe legitimidade e conhecimento a toda sociedade do seu texto para cumprimento.<\/p>\n\n\n\n<p>&nbsp;<\/p>\n\n\n\n<p><strong>Ouvidoria \/ SIC:<\/strong><\/p>\n\n\n\n<p><br>Respons\u00e1vel pelo fornecimento de informa\u00e7\u00f5es, certid\u00f5es e documenta\u00e7\u00f5es b\u00e1sicas que garantem o exerc\u00edcio da cidadania.<\/p>\n\n\n\n<p>&nbsp;<\/p>\n\n\n\n<p><strong>Controle Interno:<\/strong><\/p>\n\n\n\n<p><br>Compreende o plano de organiza\u00e7\u00e3o e todos os m\u00e9todos e medidas adotados pela administra\u00e7\u00e3o para salvaguardar os ativos, desenvolver a efici\u00eancia<br>nas opera\u00e7\u00f5es, avaliar o cumprimento dos programas, objetivos, metas e or\u00e7amentos e das pol\u00edticas administrativas prescritas, verificar a exatid\u00e3o e a<br>fidelidade das informa\u00e7\u00f5es e assegurar o cumprimento da lei.<\/p>\n\n\n\n<p><strong>Diretoria Administrativa:<\/strong><\/p>\n\n\n\n<p><br>Agrupa os Departamentos de Recursos Humanos, de Materiais e Patrim\u00f4nio, Compras e de Inform\u00e1tica. \u00c9 respons\u00e1vel pelas atividades meio da C\u00e2mara Municipal de Goiana.<\/p>\n\n\n\n<p>&nbsp;<\/p>\n\n\n\n<p><strong>Diretoria Financeira:<\/strong><\/p>\n\n\n\n<p><br>\u00c9 de compet\u00eancia da Diretoria de Or\u00e7amento, Planejamento e Execu\u00e7\u00e3o Financeira, o or\u00e7amento anual, articulando e propondo melhorias na pol\u00edtica de<br>investimento da institui\u00e7\u00e3o, controlando os gastos de opera\u00e7\u00f5es, zelando pelas metas or\u00e7ament\u00e1rias e acompanhando sua execu\u00e7\u00e3o durante o exerc\u00edcio.<\/p>\n\n\n\n<p>&nbsp;<\/p>\n\n\n\n<p><strong>Diretoria de Comunica\u00e7\u00e3o Social:<\/strong><\/p>\n\n\n\n<p><br>Respons\u00e1vel pela imagem externa da C\u00e2mara, bem como pela administra\u00e7\u00e3o dos trabalhos do M\u00eddias s\u00f3cias, Transmiss\u00f5es ao vivo, da comunica\u00e7\u00e3o e<br>informa\u00e7\u00e3o com outros \u00f3rg\u00e3os e institui\u00e7\u00f5es.<\/p>\n\n\n\n<p>&nbsp;<\/p>\n\n\n\n<p><strong>Secretaria Legislativa:<\/strong><\/p>\n\n\n\n<p><br>Respons\u00e1vel pela coordena\u00e7\u00e3o do processo legislativo e pelas medidas que contribuam para a qualidade na produ\u00e7\u00e3o de normas legais no Munic\u00edpio de<br>Goiana. Deve zelar pelo eficiente assessoramento \u00e0s comiss\u00f5es permanentes e pela participa\u00e7\u00e3o comunit\u00e1ria nos debates objetivando a regularidade dos<br>trabalhos legislativos.<\/p>\n\n\n\n<p>&nbsp;<\/p>\n\n\n\n<p><strong>ESTRUTURA PARLAMENTAR<\/strong><\/p>\n\n\n\n<p><strong><em>Presidente<\/em> \u2013<\/strong>&nbsp;Vereador Luiz Eduardo Sousa dos Santos<\/p>\n\n\n\n<p><em><strong>Vice-presidente <\/strong>\u2013<\/em>&nbsp;Vereador Pedro Henrique Barros Lemos<\/p>\n\n\n\n<p><strong><em>2\u00ba Vice-presidente<\/em><\/strong> \u2013&nbsp;Vereador Sidney Paulo dos Santos<\/p>\n\n\n\n<p><strong><em>1\u00ba Secretario<\/em><\/strong> \u2013&nbsp;Vereador Edson Andrade de Silva<\/p>\n\n\n\n<p><strong><em>2\u00ba Secretario <\/em><\/strong>\u2013&nbsp;Vereador Christian Ramon Alc\u00e2ntara Justino Aranha<\/p>\n\n\n\n<p>&nbsp;<\/p>\n\n\n\n<p><strong>ESTRUTURA ADMINISTRATIVA<\/strong><\/p>\n\n\n\n<p><strong><em>Diretor Administrativo <\/em><\/strong>\u2013&nbsp; Gilberto Cordeiro de Andrade Junior<\/p>\n\n\n\n<p><strong><em>Diretor Financeiro<\/em><\/strong>\u2013&nbsp;Elivan Cordeiro de Lima<\/p>\n\n\n\n<p><strong><em>Diretora de Recursos Humanos <\/em><\/strong>\u2013&nbsp; Angela Lapa Marques de Andrade<\/p>\n\n\n\n<p><strong><em>Coordenadora do Sistema de Controle Interno <\/em><\/strong>\u2013&nbsp; Izaura Pimentel da Rocha<\/p>\n\n\n\n<p><strong><em>Secret\u00e1ria Geral<\/em><\/strong>\u2013&nbsp;<em>Marinalva Andrade de Mendon\u00e7a<\/em><\/p>\n\n\n\n<p><strong><em>Presidente da CPL<\/em><\/strong>\u2013&nbsp;<em>Welma Mendon\u00e7a de Santana<\/em><\/p>\n\n\n\n<p>&nbsp;<\/p>\n\n\n\n<p><strong> ASSESSORIA<\/strong><\/p>\n\n\n\n<p>&nbsp;<\/p>\n\n\n\n<p><strong><em>Assessor Legislativo <\/em><\/strong>\u2013&nbsp;Wilfred de Albuquerque Gadelha<\/p>\n\n\n\n<p><strong><em>Assessor Jur\u00eddico<\/em><\/strong> \u2013&nbsp;Paulo Roberto Tavares da Silva<\/p>\n\n\n\n<p><strong><em>Assessor de Comunica\u00e7\u00e3o<\/em><\/strong>\u2013&nbsp;Felipe Emiliano de Andrade<\/p>\n\n\n\n<p>&nbsp;<\/p>\n","protected":false},"excerpt":{"rendered":"<p>A C\u00e2mara Municipal de Goiana tem a seguinte estrutura para possibilitar o funcionamento do Poder Legislativo. A administra\u00e7\u00e3o da C\u00e2mara Municipal atua observando a Constitui\u00e7\u00e3o Federal, a Constitui\u00e7\u00e3o Estadual, a Lei Org\u00e2nica do Munic\u00edpio, que lhe asseguraautonomia pol\u00edtica, administrativa e financeira, e o seu Regimento Interno, instrumento delineador das atribui\u00e7\u00f5es dos \u00f3rg\u00e3os do Poder Legislativo&hellip; <a class=\"more-link\" href=\"https:\/\/goiana.pe.leg.br\/portal\/?page_id=379\">Continue lendo <span class=\"screen-reader-text\">Estrutura Organizacional<\/span><\/a><\/p>\n","protected":false},"author":1,"featured_media":0,"parent":0,"menu_order":0,"comment_status":"closed","ping_status":"closed","template":"","meta":{"_monsterinsights_skip_tracking":false,"_monsterinsights_sitenote_active":false,"_monsterinsights_sitenote_note":"","_monsterinsights_sitenote_category":0,"footnotes":""},"class_list":["post-379","page","type-page","status-publish","hentry","entry"],"_links":{"self":[{"href":"https:\/\/goiana.pe.leg.br\/portal\/index.php?rest_route=\/wp\/v2\/pages\/379","targetHints":{"allow":["GET"]}}],"collection":[{"href":"https:\/\/goiana.pe.leg.br\/portal\/index.php?rest_route=\/wp\/v2\/pages"}],"about":[{"href":"https:\/\/goiana.pe.leg.br\/portal\/index.php?rest_route=\/wp\/v2\/types\/page"}],"author":[{"embeddable":true,"href":"https:\/\/goiana.pe.leg.br\/portal\/index.php?rest_route=\/wp\/v2\/users\/1"}],"replies":[{"embeddable":true,"href":"https:\/\/goiana.pe.leg.br\/portal\/index.php?rest_route=%2Fwp%2Fv2%2Fcomments&post=379"}],"version-history":[{"count":3,"href":"https:\/\/goiana.pe.leg.br\/portal\/index.php?rest_route=\/wp\/v2\/pages\/379\/revisions"}],"predecessor-version":[{"id":3967,"href":"https:\/\/goiana.pe.leg.br\/portal\/index.php?rest_route=\/wp\/v2\/pages\/379\/revisions\/3967"}],"wp:attachment":[{"href":"https:\/\/goiana.pe.leg.br\/portal\/index.php?rest_route=%2Fwp%2Fv2%2Fmedia&parent=379"}],"curies":[{"name":"wp","href":"https:\/\/api.w.org\/{rel}","templated":true}]}}